{"id":9,"date":"2014-06-26T08:41:29","date_gmt":"2014-06-26T06:41:29","guid":{"rendered":"http:\/\/www.audouard-jean-michel.fr\/?page_id=9"},"modified":"2019-05-17T09:29:25","modified_gmt":"2019-05-17T07:29:25","slug":"lentreprise","status":"publish","type":"page","link":"https:\/\/www.audouard-jean-michel.fr\/?page_id=9","title":{"rendered":"L&rsquo;entreprise"},"content":{"rendered":"<p style=\"text-align: justify;\">Cr\u00e9\u00e9e en 1999 par <strong>Jean-Michel AUDOUARD<\/strong>, l\u2019entreprise est compos\u00e9e de trois \u00e9lectriciens qualifi\u00e9s, de deux apprentis et d\u2019un agent administratif.<\/p>\n<p style=\"text-align: justify;\">Sp\u00e9cialiste des M\u00e9tiers de l&rsquo;\u00e9lectricit\u00e9, de la climatisation, du chauffage, de l\u2019automatisme, nous b\u00e9n\u00e9ficions d&rsquo;un v\u00e9ritable savoir-faire et d\u2019une r\u00e9activit\u00e9 optimale pour r\u00e9pondre au mieux \u00e0 toutes vos attentes et vous proposer des services de qualit\u00e9.<\/p>\n<p style=\"text-align: justify;\">Avec l&rsquo;essor des nouvelles technologies autour de l&rsquo;\u00e9lectricit\u00e9,\u00a0de la domotique, notre activit\u00e9 s\u2019est \u00e9largie.<\/p>\n<p style=\"text-align: justify;\">Nos\u00a0domaines d&rsquo;interventions\u00a0concernent \u00e0 la fois l&rsquo;\u00e9lectricit\u00e9\u00a0domestique, tertiaire et industrielle, la domotique, les alarmes intrusion et incendie, les automatismes de porte de garage et de portail, les interphones, la vid\u00e9o surveillance, les antennes t\u00e9l\u00e9vision et satellite, la ventilation m\u00e9canique (VMC) simple ou double flux, le chauffage \u00e9lectrique, la climatisation r\u00e9versible, les pompes \u00e0 chaleur,\u00a0les planchers et plafonds chauffants, les chauffe-eau et chauffe-eau thermodynamique, l&rsquo;aspiration centralis\u00e9e, les r\u00e9seaux informatiques, les prises de recharge pour voiture \u00e9lectrique.<\/p>\n<p style=\"text-align: justify;\">Nous faisons aussi de\u00a0la vente directe de produits aux particuliers comme aux professionnels.<\/p>\n<p style=\"text-align: justify;\">Nous disposons d&rsquo;un hall d\u2019exposition permettant de visualiser les diff\u00e9rents produits et types de chauffages que nous proposons.<\/p>\n<p style=\"text-align: justify;\">Nos salari\u00e9s sont\u00a0 form\u00e9s aux nouvelles techniques afin de devenir plus performants et de pouvoir r\u00e9pondre \u00e0 vos besoins.<\/p>\n<p style=\"text-align: justify;\">En vous fournissant une main d&rsquo;\u0153uvre qualifi\u00e9e et des mat\u00e9riaux de grande marque professionnelle reconnue (<strong>Legrand, Hager, Atlantic, Delta Dore, Came, Bticino, Urmet, Aldes&#8230;<\/strong>) nous vous garantissons des prestations d&rsquo;\u00e9lectricit\u00e9 de qualit\u00e9, fiable et durable garantie 10 ans via notre assurance d\u00e9cennale.<\/p>\n<p style=\"text-align: justify;\">Pour vos travaux de r\u00e9novation <strong>(modification <\/strong>de l\u2019agencement de votre logement, <strong>am\u00e9nager<\/strong> vos combles, <strong>moderniser<\/strong> votre salle de bains\u2026), nous vous proposons une prestation de gestion de chantier cl\u00e9 en mains.<\/p>\n<p style=\"text-align: justify;\">L\u2019entreprise <strong>Jean-Michel AUDOUARD<\/strong> est \u00e0 votre disposition pour r\u00e9pondre \u00e0 vos questions et g\u00e9rer et suivi de votre chantier.<\/p>\n<p style=\"text-align: justify;\">Nous r\u00e9alisons l\u2019\u00e9lectricit\u00e9, le chauffage, la ventilation et coordonnons les autres intervenants. Profitez de notre exp\u00e9rience et de notre r\u00e9seau de professionnels fiables.<\/p>\n","protected":false},"excerpt":{"rendered":"<p>Cr\u00e9\u00e9e en 1999 par Jean-Michel AUDOUARD, l\u2019entreprise est compos\u00e9e de trois \u00e9lectriciens qualifi\u00e9s, de deux apprentis et d\u2019un agent administratif. Sp\u00e9cialiste des M\u00e9tiers de l&rsquo;\u00e9lectricit\u00e9, de la climatisation, du chauffage, de l\u2019automatisme, nous b\u00e9n\u00e9ficions d&rsquo;un v\u00e9ritable savoir-faire et d\u2019une r\u00e9activit\u00e9 optimale pour r\u00e9pondre au mieux \u00e0 toutes vos attentes et \u2026 <a class=\"continue-reading-link\" href=\"https:\/\/www.audouard-jean-michel.fr\/?page_id=9\"> Continue reading <span class=\"meta-nav\">&rarr; <\/span><\/a><\/p>\n","protected":false},"author":1,"featured_media":0,"parent":0,"menu_order":0,"comment_status":"closed","ping_status":"open","template":"","meta":{"footnotes":""},"class_list":["post-9","page","type-page","status-publish","hentry"],"_links":{"self":[{"href":"https:\/\/www.audouard-jean-michel.fr\/index.php?rest_route=\/wp\/v2\/pages\/9","targetHints":{"allow":["GET"]}}],"collection":[{"href":"https:\/\/www.audouard-jean-michel.fr\/index.php?rest_route=\/wp\/v2\/pages"}],"about":[{"href":"https:\/\/www.audouard-jean-michel.fr\/index.php?rest_route=\/wp\/v2\/types\/page"}],"author":[{"embeddable":true,"href":"https:\/\/www.audouard-jean-michel.fr\/index.php?rest_route=\/wp\/v2\/users\/1"}],"replies":[{"embeddable":true,"href":"https:\/\/www.audouard-jean-michel.fr\/index.php?rest_route=%2Fwp%2Fv2%2Fcomments&post=9"}],"version-history":[{"count":4,"href":"https:\/\/www.audouard-jean-michel.fr\/index.php?rest_route=\/wp\/v2\/pages\/9\/revisions"}],"predecessor-version":[{"id":211,"href":"https:\/\/www.audouard-jean-michel.fr\/index.php?rest_route=\/wp\/v2\/pages\/9\/revisions\/211"}],"wp:attachment":[{"href":"https:\/\/www.audouard-jean-michel.fr\/index.php?rest_route=%2Fwp%2Fv2%2Fmedia&parent=9"}],"curies":[{"name":"wp","href":"https:\/\/api.w.org\/{rel}","templated":true}]}}