{"id":44,"date":"2014-06-30T22:19:31","date_gmt":"2014-06-30T20:19:31","guid":{"rendered":"http:\/\/www.audouard-jean-michel.fr\/?page_id=44"},"modified":"2016-03-09T18:03:08","modified_gmt":"2016-03-09T16:03:08","slug":"mentions-legales","status":"publish","type":"page","link":"https:\/\/www.audouard-jean-michel.fr\/?page_id=44","title":{"rendered":"Mentions l\u00e9gales"},"content":{"rendered":"<div id=\"forbottom\">\n<div style=\"clear: both;\"><\/div>\n<section id=\"container\">\n<div id=\"content\">\n<div id=\"post-278\" class=\"post-278 page type-page status-publish hentry\">\n<h1 class=\"entry-title\">Mentions l\u00e9gales<\/h1>\n<div class=\"entry-content\">\n<h2 style=\"text-align: justify;\">\u00c9diteur du site<\/h2>\n<p style=\"text-align: justify;\"><strong>AUDOUARD Jean-Michel, Chemin du d\u00e9p\u00f4t, 07400 LE TEIL<br \/>\n<\/strong><\/p>\n<h2 style=\"text-align: justify;\">Directeur de la publication<\/h2>\n<p style=\"text-align: justify;\">Jean-Michel AUDOUARD, G\u00e9rant de l&rsquo;entreprise<\/p>\n<h2 style=\"text-align: justify;\">H\u00e9bergement du site<\/h2>\n<p style=\"text-align: justify;\">1and1 (Si\u00e8ge) :<br \/>\n1&amp;1 Internet SARL<br \/>\n7, place de la Gare<br \/>\nBP 70109<br \/>\n57201 Sarreguemines Cedex<\/p>\n<h2 style=\"text-align: justify;\">Cr\u00e9dit photos<\/h2>\n<p style=\"text-align: justify;\">Jean-Michel AUDOUARD<\/p>\n<h2 style=\"text-align: justify;\">Droits d\u2019auteurs<\/h2>\n<p style=\"text-align: justify;\">La structure g\u00e9n\u00e9rale du portail, ainsi que les textes, photos, images et sons composant ce site sont la propri\u00e9t\u00e9 de Jean-Michel AUDOUARD et des marques pr\u00e9sentes sur le site. En application de la loi du 11 mars 1957 (art.41) et du Code de la Propri\u00e9t\u00e9 intellectuelle du 1er juillet 1992, toute reproduction partielle ou totale \u00e0 usage collectif, par quelque proc\u00e9d\u00e9 que ce soit, est strictement interdit sans autorisation de Jean-Michel AUDOUARD.<br \/>\nLes logos, visuels et marques pr\u00e9sents sur ce site sont la propri\u00e9t\u00e9 de leur d\u00e9tenteur respectif.<br \/>\nL\u2019internaute reconnait que l\u2019utilisation du site de Jean-Michel AUDOUARD est r\u00e9gie par le droit fran\u00e7ais.<\/p>\n<h2 style=\"text-align: justify;\">Cr\u00e9ation de liens vers ce site<\/h2>\n<p style=\"text-align: justify;\">Jean-Michel AUDOUARD\u00a0autorise la mise en place de liens hypertextes redirigeant vers ses pages, sous r\u00e9serve :<\/p>\n<ul style=\"text-align: justify;\">\n<li>que ces liens ne soient pas cr\u00e9\u00e9s en utilisant la technique du \u00ab\u00a0lien profond\u00a0\u00bb et par cons\u00e9quent que l\u2019activation du lien ne puisse laisser aucun doute sur l\u2019adresse du site visit\u00e9 et qu\u2019elle s\u2019affiche dans une fen\u00eatre du navigateur ind\u00e9pendante de la fen\u00eatre d\u2019origine,<\/li>\n<li>que ces liens soient sans relation avec un quelconque site Internet diffusant des informations \u00e0 caract\u00e8re discriminatoire, raciste, pornographique, x\u00e9nophobe, p\u00e9dophile, ou pouvant, d\u2019une fa\u00e7on g\u00e9n\u00e9rale, porter atteinte \u00e0 la morale ou aux bonnes moeurs.<\/li>\n<\/ul>\n<p style=\"text-align: justify;\">Jean-Michel AUDOUARD\u00a0d\u00e9cline toute responsabilit\u00e9 pour les informations pr\u00e9sent\u00e9es sur ces autres sites.<\/p>\n<h2 style=\"text-align: justify;\">Avertissement concernant les contenus<\/h2>\n<p style=\"text-align: justify;\">Malgr\u00e9 tout le soin apport\u00e9 pour pr\u00e9server l\u2019int\u00e9grit\u00e9 des informations et documents mis en ligne, la pr\u00e9sence d\u2019erreur ne peut \u00eatre totalement exclue. La responsabilit\u00e9 de\u00a0Jean-Michel AUDOUARD ne pourra \u00eatre engag\u00e9e en raison de ces erreurs fortuites.<\/p>\n<h2 style=\"text-align: justify;\">Cartographie<\/h2>\n<p style=\"text-align: justify;\">Les informations disponibles dans les cartographies sont fournies \u00e0 titre indicatif. Elles n\u2019ont pas, elles-m\u00eames, de valeur juridique particuli\u00e8re et ne sauraient engager en aucun cas la responsabilit\u00e9 de Jean-Michel AUDOUARD.<\/p>\n<h2 style=\"text-align: justify;\">Protection des donn\u00e9es personnelles<\/h2>\n<p style=\"text-align: justify;\">Aucune information personnelle n\u2019est collect\u00e9e \u00e0 votre insu. Aucune information personnelle n\u2019est c\u00e9d\u00e9e \u00e0 des tiers.<\/p>\n<p style=\"text-align: justify;\">Jean-Michel AUDOUARD\u00a0conserve de mani\u00e8re confidentielle les courriels pour une p\u00e9riode ne pouvant exc\u00e9der 1 an. Les adresses \u00e9lectroniques collect\u00e9es ne feront l\u2019objet d\u2019aucune cession, ni d\u2019aucun traitement de la part de\u00a0Jean-Michel AUDOUARD sauf en cas d\u2019accord de la part du destinataire de recevoir des informations de ses partenaires.<\/p>\n<p style=\"text-align: justify;\">Conform\u00e9ment \u00e0 la Loi Informatique et Libert\u00e9s du 06\/01\/1978, vous disposez d\u2019un droit d\u2019acc\u00e8s, de rectification et de suppression des donn\u00e9es vous concernant et d\u2019opposition \u00e0 leur traitement. Si vous souhaitez l\u2019exercer, vous pouvez \u00e9crire \u00e0\u00a0:<\/p>\n<p style=\"text-align: justify;\"><strong>Jean-Michel AUDOUARD, Chmein du d\u00e9p\u00f4t, 07400 LE TEIL<br \/>\n<\/strong><\/p>\n<h2 style=\"text-align: justify;\">Loi applicable<\/h2>\n<p style=\"text-align: justify;\">Tant le pr\u00e9sent site que les modalit\u00e9s et conditions de son utilisation sont r\u00e9gis par le droit fran\u00e7ais, quel que soit le lieu d\u2019utilisation ou de connexion. En cas de contestation \u00e9ventuelle, et apr\u00e8s l\u2019\u00e9chec de toute tentative de recherche d\u2019une solution amiable, les tribunaux fran\u00e7ais seront seuls comp\u00e9tents pour conna\u00eetre ce litige.<\/p>\n<\/div>\n<\/div>\n<\/div>\n<\/section>\n<\/div>\n","protected":false},"excerpt":{"rendered":"<p>Mentions l\u00e9gales \u00c9diteur du site AUDOUARD Jean-Michel, Chemin du d\u00e9p\u00f4t, 07400 LE TEIL Directeur de la publication Jean-Michel AUDOUARD, G\u00e9rant de l&rsquo;entreprise H\u00e9bergement du site 1and1 (Si\u00e8ge) : 1&amp;1 Internet SARL 7, place de la Gare BP 70109 57201 Sarreguemines Cedex Cr\u00e9dit photos Jean-Michel AUDOUARD Droits d\u2019auteurs La structure g\u00e9n\u00e9rale \u2026 <a class=\"continue-reading-link\" href=\"https:\/\/www.audouard-jean-michel.fr\/?page_id=44\"> Continue reading <span class=\"meta-nav\">&rarr; <\/span><\/a><\/p>\n","protected":false},"author":1,"featured_media":0,"parent":23,"menu_order":0,"comment_status":"closed","ping_status":"open","template":"","meta":{"footnotes":""},"class_list":["post-44","page","type-page","status-publish","hentry"],"_links":{"self":[{"href":"https:\/\/www.audouard-jean-michel.fr\/index.php?rest_route=\/wp\/v2\/pages\/44","targetHints":{"allow":["GET"]}}],"collection":[{"href":"https:\/\/www.audouard-jean-michel.fr\/index.php?rest_route=\/wp\/v2\/pages"}],"about":[{"href":"https:\/\/www.audouard-jean-michel.fr\/index.php?rest_route=\/wp\/v2\/types\/page"}],"author":[{"embeddable":true,"href":"https:\/\/www.audouard-jean-michel.fr\/index.php?rest_route=\/wp\/v2\/users\/1"}],"replies":[{"embeddable":true,"href":"https:\/\/www.audouard-jean-michel.fr\/index.php?rest_route=%2Fwp%2Fv2%2Fcomments&post=44"}],"version-history":[{"count":2,"href":"https:\/\/www.audouard-jean-michel.fr\/index.php?rest_route=\/wp\/v2\/pages\/44\/revisions"}],"predecessor-version":[{"id":160,"href":"https:\/\/www.audouard-jean-michel.fr\/index.php?rest_route=\/wp\/v2\/pages\/44\/revisions\/160"}],"up":[{"embeddable":true,"href":"https:\/\/www.audouard-jean-michel.fr\/index.php?rest_route=\/wp\/v2\/pages\/23"}],"wp:attachment":[{"href":"https:\/\/www.audouard-jean-michel.fr\/index.php?rest_route=%2Fwp%2Fv2%2Fmedia&parent=44"}],"curies":[{"name":"wp","href":"https:\/\/api.w.org\/{rel}","templated":true}]}}