{"id":183,"date":"2017-04-06T11:07:31","date_gmt":"2017-04-06T09:07:31","guid":{"rendered":"http:\/\/www.audouard-jean-michel.fr\/?page_id=183"},"modified":"2024-07-26T09:37:33","modified_gmt":"2024-07-26T07:37:33","slug":"tarifs","status":"publish","type":"page","link":"https:\/\/www.audouard-jean-michel.fr\/?page_id=183","title":{"rendered":"Tarifs"},"content":{"rendered":"<table>\n<tbody>\n<tr>\n<td width=\"479\">D\u00e9pannage \u00e0 domicile : (1<sup>\u00e8re<\/sup> heure indivisible)<\/td>\n<td width=\"210\">L&rsquo;heure : <strong>66,00 \u20ac<sup>1<\/sup><\/strong><\/td>\n<\/tr>\n<tr>\n<td width=\"479\">Frais kilom\u00e9triques : (au del\u00e0 de 5 km)<\/td>\n<td width=\"210\">Le km : <strong>0,80 \u20ac<\/strong><\/td>\n<\/tr>\n<tr>\n<td width=\"479\">Tarif horaire :<\/td>\n<td width=\"210\"><strong>66,00 \u20ac<sup>1<\/sup><\/strong><\/td>\n<\/tr>\n<\/tbody>\n<\/table>\n<p style=\"text-align: center;\"><strong><sup>(1)<\/sup><\/strong> Le taux de TVA prit en compte est de 20%.<\/p>\n<p style=\"text-align: center;\">Il peut \u00eatre r\u00e9duit \u00e0 10% ou 5,5% selon les crit\u00e8res de la r\u00e9glementation en vigueur.<\/p>\n","protected":false},"excerpt":{"rendered":"<p>D\u00e9pannage \u00e0 domicile : (1\u00e8re heure indivisible) L&rsquo;heure : 66,00 \u20ac1 Frais kilom\u00e9triques : (au del\u00e0 de 5 km) Le km : 0,80 \u20ac Tarif horaire : 66,00 \u20ac1 (1) Le taux de TVA prit en compte est de 20%. Il peut \u00eatre r\u00e9duit \u00e0 10% ou 5,5% selon les \u2026 <a class=\"continue-reading-link\" href=\"https:\/\/www.audouard-jean-michel.fr\/?page_id=183\"> Continue reading <span class=\"meta-nav\">&rarr; <\/span><\/a><\/p>\n","protected":false},"author":1,"featured_media":0,"parent":0,"menu_order":6,"comment_status":"closed","ping_status":"closed","template":"","meta":{"footnotes":""},"class_list":["post-183","page","type-page","status-publish","hentry"],"_links":{"self":[{"href":"https:\/\/www.audouard-jean-michel.fr\/index.php?rest_route=\/wp\/v2\/pages\/183","targetHints":{"allow":["GET"]}}],"collection":[{"href":"https:\/\/www.audouard-jean-michel.fr\/index.php?rest_route=\/wp\/v2\/pages"}],"about":[{"href":"https:\/\/www.audouard-jean-michel.fr\/index.php?rest_route=\/wp\/v2\/types\/page"}],"author":[{"embeddable":true,"href":"https:\/\/www.audouard-jean-michel.fr\/index.php?rest_route=\/wp\/v2\/users\/1"}],"replies":[{"embeddable":true,"href":"https:\/\/www.audouard-jean-michel.fr\/index.php?rest_route=%2Fwp%2Fv2%2Fcomments&post=183"}],"version-history":[{"count":2,"href":"https:\/\/www.audouard-jean-michel.fr\/index.php?rest_route=\/wp\/v2\/pages\/183\/revisions"}],"predecessor-version":[{"id":232,"href":"https:\/\/www.audouard-jean-michel.fr\/index.php?rest_route=\/wp\/v2\/pages\/183\/revisions\/232"}],"wp:attachment":[{"href":"https:\/\/www.audouard-jean-michel.fr\/index.php?rest_route=%2Fwp%2Fv2%2Fmedia&parent=183"}],"curies":[{"name":"wp","href":"https:\/\/api.w.org\/{rel}","templated":true}]}}