{"id":14,"date":"2014-06-28T22:14:04","date_gmt":"2014-06-28T20:14:04","guid":{"rendered":"http:\/\/www.audouard-jean-michel.fr\/?page_id=14"},"modified":"2016-03-09T18:04:53","modified_gmt":"2016-03-09T16:04:53","slug":"les-activites","status":"publish","type":"page","link":"https:\/\/www.audouard-jean-michel.fr\/?page_id=14","title":{"rendered":"Les activit\u00e9s"},"content":{"rendered":"<p><strong>Alarme intrusion : <a title=\"HAGER\" href=\"http:\/\/www.hager.fr\">HAGER LOGISTY<\/a><\/strong><br \/>\nInstallation syst\u00e8me d\u2019alarme filaire, radio ou bus<br \/>\nEntretien<br \/>\nD\u00e9pannage syst\u00e8me existant de marque reconnue.<\/p>\n<p><strong>Alarme incendie :<\/strong><br \/>\ncr\u00e9ation, extension d\u2019installation existante.<br \/>\nEntretien<br \/>\nD\u00e9pannage<\/p>\n<p><strong>Antennes t\u00e9l\u00e9vision et satellite :<\/strong><br \/>\nModifications d&rsquo;installations.<br \/>\nUHF\/VHF ET FM.<br \/>\nAjout TNT (T\u00e9l\u00e9vision Num\u00e9rique Terrestre).<br \/>\nSAT (satellite).<br \/>\nReprises et r\u00e9parations suite \u00e0 intemp\u00e9ries.<br \/>\nModifications pour TNT.<br \/>\nAmplificateurs.<\/p>\n<p><strong>Aspiration centralis\u00e9e :<\/strong><br \/>\nCr\u00e9ation de r\u00e9seau d\u2019aspiration, extension.<br \/>\nEntretien, SAV<\/p>\n<p><strong>Automatismes porte de garage et portails : <a href=\"http:\/\/www.faac.fr\/\" target=\"_blank\">FAAC<\/a> <a title=\"CAME\" href=\"http:\/\/www.came.com\/fr\">CAME<\/a><\/strong><br \/>\nInstallation automatismes de portail et porte de garage<br \/>\nD\u00e9pannage<\/p>\n<p><strong>Chauffage : <a title=\"THERMOR\" href=\"http:\/\/www.thermor.fr\">THERMOR<\/a> \u2013 <a title=\"ATLANTIC\" href=\"http:\/\/www.atlantic.fr\">ATLANTIC<\/a> &#8211; <a title=\"CAMPA\" href=\"http:\/\/www.campa.fr\">CAMPA<\/a><\/strong><br \/>\nInstallation radiateur \u00e9lectrique<br \/>\nInstallation planch\u00e9 et plafond chauffant<br \/>\nInstallation accumulateur<br \/>\nD\u00e9pannage<\/p>\n<p><strong>Chauffe-eau : <a title=\"THERMOR\" href=\"http:\/\/www.thermor.fr\">THERMOR<\/a><\/strong><br \/>\nNeuf, r\u00e9novation, service apr\u00e8s vente<br \/>\nChauffe eau thermodynamique<\/p>\n<p><strong>Climatisation, pompe \u00e0 chaleur : <a title=\"ATLANTIC\" href=\"http:\/\/www.atlantic.fr\">ATLANTIC<\/a> &#8211; <a title=\"DAIKIN\" href=\"http:\/\/www.daikin.fr\">DAIKIN<\/a><\/strong><br \/>\nInstallation climatisation r\u00e9versible.<br \/>\nInstallation de pompe \u00e0 chaleur.<br \/>\nInstallation plancher chauffant eau et \u00e9lectrique.<\/p>\n<p><strong>Domotique : <a title=\"HAGER\" href=\"http:\/\/www.hager.fr\">HAGER<\/a> \u2013 <a title=\"LEGRAND\" href=\"http:\/\/www.legrand.fr\">LEGRAND<\/a><\/strong><br \/>\nEtude et r\u00e9alisation d\u2019installation compl\u00e8te de prestations en domotique.<\/p>\n<p><strong>Interphones<\/strong> : <a title=\"HAGER\" href=\"http:\/\/www.hager.fr\">HAGER BTICINO<\/a> &#8211; <a title=\"URMET\" href=\"http:\/\/www.urmet.fr\">URMET<\/a><br \/>\nInstallation interphone, vid\u00e9ophone.<br \/>\nD\u00e9pannage<\/p>\n<p><strong>Electricit\u00e9 :<\/strong><br \/>\nTravaux d\u2019\u00e9lectricit\u00e9 domestiques, tertiaires et industriels (\u00e9clairage, prise, \u2026)<br \/>\nMise en s\u00e9curit\u00e9, mise aux normes (NF C15-100)<br \/>\nColonnes montantes<\/p>\n<p><strong>R\u00e9seaux VDI : <a title=\"LEGRAND\" href=\"http:\/\/www.legrand.fr\">LEGRAND<\/a><\/strong> &#8211; <a title=\"GIGAMEDIA\" href=\"http:\/\/www.gigamedia.net\">GIGAMEDIA<\/a><br \/>\nCr\u00e9ation ou extension de r\u00e9seaux informatiques.<br \/>\nC\u00e2blage prises informatiques et baies de brassage<br \/>\nRecette VDI<br \/>\nS\u00e9curit\u00e9<br \/>\nMise en s\u00e9curit\u00e9 d\u2019installation apr\u00e8s sinistre.<br \/>\nD\u00e9livrance d\u2019attestation de mise en conformit\u00e9<\/p>\n<p><strong>Ventilation : <a title=\"ATLANTIC\" href=\"http:\/\/www.atlantic.fr\">ATLANTIC<\/a> &#8211; <a title=\"ALDES\" href=\"http:\/\/www.aldes.fr\">ALDES<\/a><\/strong><br \/>\nInstallation et entretien de VMC<\/p>\n<p><strong>Vid\u00e9o-surveillance : <a title=\"GIGAMEDIA\" href=\"http:\/\/www.gigamedia.net\">GIGAMEDIA<\/a><\/strong><br \/>\nInstallation et d\u00e9pannage de syst\u00e8me de vid\u00e9o surveillance<br \/>\nInstallation neuve<br \/>\nExtension du syst\u00e8me existant<\/p>\n<p><strong>Service apr\u00e8s vente :<\/strong><br \/>\nD\u00e9pannage.<br \/>\nPartenaire avec plusieurs grandes marques.<br \/>\nR\u00e9parateur <a title=\"CAMPA\" href=\"http:\/\/www.campa.fr\">CAMPA<\/a><br \/>\nR\u00e9parateur agr\u00e9\u00e9 <a title=\"THERMOR\" href=\"http:\/\/www.thermor.fr\">THERMOR<\/a>. Vente et r\u00e9paration appareils de chauffage, chauffe \u2013eau et chauffe-eau thermodynamique. Extension de garantie de deux ans sur les radiateurs neufs.<\/p>\n","protected":false},"excerpt":{"rendered":"<p>Alarme intrusion : HAGER LOGISTY Installation syst\u00e8me d\u2019alarme filaire, radio ou bus Entretien D\u00e9pannage syst\u00e8me existant de marque reconnue. Alarme incendie : cr\u00e9ation, extension d\u2019installation existante. Entretien D\u00e9pannage Antennes t\u00e9l\u00e9vision et satellite : Modifications d&rsquo;installations. UHF\/VHF ET FM. Ajout TNT (T\u00e9l\u00e9vision Num\u00e9rique Terrestre). SAT (satellite). Reprises et r\u00e9parations suite \u00e0 \u2026 <a class=\"continue-reading-link\" href=\"https:\/\/www.audouard-jean-michel.fr\/?page_id=14\"> Continue reading <span class=\"meta-nav\">&rarr; <\/span><\/a><\/p>\n","protected":false},"author":1,"featured_media":0,"parent":0,"menu_order":1,"comment_status":"closed","ping_status":"open","template":"","meta":{"footnotes":""},"class_list":["post-14","page","type-page","status-publish","hentry"],"_links":{"self":[{"href":"https:\/\/www.audouard-jean-michel.fr\/index.php?rest_route=\/wp\/v2\/pages\/14","targetHints":{"allow":["GET"]}}],"collection":[{"href":"https:\/\/www.audouard-jean-michel.fr\/index.php?rest_route=\/wp\/v2\/pages"}],"about":[{"href":"https:\/\/www.audouard-jean-michel.fr\/index.php?rest_route=\/wp\/v2\/types\/page"}],"author":[{"embeddable":true,"href":"https:\/\/www.audouard-jean-michel.fr\/index.php?rest_route=\/wp\/v2\/users\/1"}],"replies":[{"embeddable":true,"href":"https:\/\/www.audouard-jean-michel.fr\/index.php?rest_route=%2Fwp%2Fv2%2Fcomments&post=14"}],"version-history":[{"count":12,"href":"https:\/\/www.audouard-jean-michel.fr\/index.php?rest_route=\/wp\/v2\/pages\/14\/revisions"}],"predecessor-version":[{"id":161,"href":"https:\/\/www.audouard-jean-michel.fr\/index.php?rest_route=\/wp\/v2\/pages\/14\/revisions\/161"}],"wp:attachment":[{"href":"https:\/\/www.audouard-jean-michel.fr\/index.php?rest_route=%2Fwp%2Fv2%2Fmedia&parent=14"}],"curies":[{"name":"wp","href":"https:\/\/api.w.org\/{rel}","templated":true}]}}